{"id":699,"date":"2020-12-16T16:09:09","date_gmt":"2020-12-16T16:09:09","guid":{"rendered":"https:\/\/promedica.qodeinteractive.com\/?page_id=699"},"modified":"2022-06-08T12:23:43","modified_gmt":"2022-06-08T10:23:43","slug":"blog","status":"publish","type":"page","link":"https:\/\/klinikaortholux.com\/sq\/blog\/","title":{"rendered":"Blog"},"content":{"rendered":"<div data-elementor-type=\"wp-page\" data-elementor-id=\"699\" class=\"elementor elementor-699\">\n\t\t\t\t\t\t<section class=\"elementor-section elementor-top-section elementor-element elementor-element-cebf7b0 elementor-section-boxed elementor-section-height-default elementor-section-height-default qodef-elementor-content-no\" data-id=\"cebf7b0\" data-element_type=\"section\">\n\t\t\t\t\t\t<div class=\"elementor-container elementor-column-gap-default\">\n\t\t\t\t\t<div class=\"elementor-column elementor-col-100 elementor-top-column elementor-element elementor-element-79368a6\" data-id=\"79368a6\" data-element_type=\"column\">\n\t\t\t<div class=\"elementor-widget-wrap elementor-element-populated\">\n\t\t\t\t\t\t<div class=\"elementor-element elementor-element-e41111f elementor-widget elementor-widget-spacer\" data-id=\"e41111f\" data-element_type=\"widget\" data-widget_type=\"spacer.default\">\n\t\t\t\t<div class=\"elementor-widget-container\">\n\t\t\t\t\t\t\t<div class=\"elementor-spacer\">\n\t\t\t<div class=\"elementor-spacer-inner\"><\/div>\n\t\t<\/div>\n\t\t\t\t\t\t<\/div>\n\t\t\t\t<\/div>\n\t\t\t\t<div class=\"elementor-element elementor-element-0e8c0ee elementor-widget elementor-widget-heading\" data-id=\"0e8c0ee\" data-element_type=\"widget\" data-widget_type=\"heading.default\">\n\t\t\t\t<div class=\"elementor-widget-container\">\n\t\t\t\t\t<h2 class=\"elementor-heading-title elementor-size-default\">Mir\u00ebserdh\u00ebt n\u00eb blogun ton\u00eb...<\/h2>\t\t\t\t<\/div>\n\t\t\t\t<\/div>\n\t\t\t\t\t<\/div>\n\t\t<\/div>\n\t\t\t\t\t<\/div>\n\t\t<\/section>\n\t\t\t\t<section class=\"elementor-section elementor-top-section elementor-element elementor-element-699aff7 elementor-section-boxed elementor-section-height-default elementor-section-height-default qodef-elementor-content-no\" data-id=\"699aff7\" data-element_type=\"section\">\n\t\t\t\t\t\t<div class=\"elementor-container elementor-column-gap-default\">\n\t\t\t\t\t<div class=\"elementor-column elementor-col-100 elementor-top-column elementor-element elementor-element-4a54dd6\" data-id=\"4a54dd6\" data-element_type=\"column\">\n\t\t\t<div class=\"elementor-widget-wrap elementor-element-populated\">\n\t\t\t\t\t\t<div class=\"elementor-element elementor-element-bba116b elementor-widget elementor-widget-spacer\" data-id=\"bba116b\" data-element_type=\"widget\" data-widget_type=\"spacer.default\">\n\t\t\t\t<div class=\"elementor-widget-container\">\n\t\t\t\t\t\t\t<div class=\"elementor-spacer\">\n\t\t\t<div class=\"elementor-spacer-inner\"><\/div>\n\t\t<\/div>\n\t\t\t\t\t\t<\/div>\n\t\t\t\t<\/div>\n\t\t\t\t<div class=\"elementor-element elementor-element-85c14ef elementor-widget elementor-widget-qi_addons_for_elementor_blog_list\" data-id=\"85c14ef\" data-element_type=\"widget\" data-widget_type=\"qi_addons_for_elementor_blog_list.default\">\n\t\t\t\t<div class=\"elementor-widget-container\">\n\t\t\t\t\t<div class=\"qodef-shortcode qodef-m qodef-addons-blog-list qodef-info-no-icons qodef-image--hover-zoom qodef-qi-grid qodef-layout--qi-columns qodef-col-num--3 qodef-item-layout--boxed qodef-responsive--predefined\" >\n\t<div class=\"qodef-grid-inner\">\n\t\t<article class=\"qodef-e qodef-blog-item qodef-grid-item qodef-item--portrait post-16424 post type-post status-publish format-standard has-post-thumbnail hentry category-dental-care tag-best-invisaligners tag-daily-care-invisalign tag-i tag-invisalign tag-invisalign-product tag-invisaligncmimi tag-invisaligntirane tag-klinikedentaretirane tag-orthodontic-albania tag-orthodonticstirana tag-ortholux\">\n\t<div class=\"qodef-e-inner\">\n\t\t<div class=\"qodef-e-media-holder\">\n\t\t\t<div class=\"qodef-e-media\">\n\t\t<div class=\"qodef-e-media-image\">\n\t\t<a itemprop=\"url\" href=\"https:\/\/klinikaortholux.com\/sq\/majlinda-the-smiles-doctor-in-tirana\/\">\n\t\t\t<img fetchpriority=\"high\" decoding=\"async\" width=\"400\" height=\"400\" src=\"https:\/\/klinikaortholux.com\/wp-content\/uploads\/2022\/06\/majlinda-blog-01.png\" class=\"attachment-qi_addons_for_elementor_image_size_portrait size-qi_addons_for_elementor_image_size_portrait\" alt=\"\" srcset=\"https:\/\/klinikaortholux.com\/wp-content\/uploads\/2022\/06\/majlinda-blog-01.png 400w, https:\/\/klinikaortholux.com\/wp-content\/uploads\/2022\/06\/majlinda-blog-01-300x300.png 300w, https:\/\/klinikaortholux.com\/wp-content\/uploads\/2022\/06\/majlinda-blog-01-150x150.png 150w, https:\/\/klinikaortholux.com\/wp-content\/uploads\/2022\/06\/majlinda-blog-01-12x12.png 12w\" sizes=\"(max-width: 400px) 100vw, 400px\" \/>\t\t<\/a>\n\t\t\t<\/div>\n<\/div>\n\t\t<\/div>\n\t\t<div class=\"qodef-e-content\">\n\t\t\t\t\t\t<div class=\"qodef-e-text\">\n\t\t\t\t<h5 itemprop=\"name\" class=\"qodef-e-title entry-title\">\n\t<a itemprop=\"url\" class=\"qodef-e-title-link\" href=\"https:\/\/klinikaortholux.com\/sq\/majlinda-the-smiles-doctor-in-tirana\/\">\n\t\tMajlinda, mjekja e buz\u00ebqeshjeve n\u00eb Tiran\u00eb\t<\/a>\n<\/h5>\n\t\t<p itemprop=\"description\" class=\"qodef-e-excerpt\">\n\t\t\tSpecialiste Ortodonte dhe Ortopede Dento-Faciale Read Her Resume &nbsp; \u00a0 \u00a0 \u00a0 Majlinda, the smiles\u2019 doctor in Tirana Dr. Majlinda Telharaj, the founder of the clinic \u201cOrthol\t\t<\/p>\n\t\t\t\t<\/div>\n\t\t\t\t\t\t\t<div class=\"qodef-e-info qodef-info--bottom\">\n\t\t\t\t\t\t<div class=\"qodef-e-read-more\">\n\t\t<a class=\"qodef-shortcode qodef-m qodef-qi-button qodef-html--link qodef-layout--filled qodef-type--standard qodef-icon--right qodef-hover--icon-move-horizontal-short\" href=\"https:\/\/klinikaortholux.com\/sq\/majlinda-the-smiles-doctor-in-tirana\/\" target=\"_self\">\t<span class=\"qodef-m-text\">Lexo m\u00eb tep\u00ebr<\/span>\t\t<span class=\"qodef-m-icon qodef--icon-color-set\">\t\t<span class=\"qodef-m-icon-inner\">\t\t\t<i aria-hidden=\"true\" class=\"fas fa-chevron-right\"><\/i>\t\t\t\t\t<\/span>\t<\/span><\/a>\t<\/div>\n\t\t\t\t<\/div>\n\t\t\t\t\t<\/div>\n\t<\/div>\n<\/article>\n<article class=\"qodef-e qodef-blog-item qodef-grid-item qodef-item--portrait post-15751 post type-post status-publish format-standard has-post-thumbnail hentry category-dental-care category-uncategorized-sq tag-best-invisaligners tag-daily-care-invisalign tag-invisalign tag-invisalign-product tag-invisaligncmimi tag-invisaligntirane tag-klinikedentaretirane tag-orthodontic-albania tag-orthodonticstirana tag-ortholux\">\n\t<div class=\"qodef-e-inner\">\n\t\t<div class=\"qodef-e-media-holder\">\n\t\t\t<div class=\"qodef-e-media\">\n\t\t<div class=\"qodef-e-media-image\">\n\t\t<a itemprop=\"url\" href=\"https:\/\/klinikaortholux.com\/sq\/daily-care-and-maintenance-of-your-invisalign-aligners\/\">\n\t\t\t<img decoding=\"async\" width=\"400\" height=\"400\" src=\"https:\/\/klinikaortholux.com\/wp-content\/uploads\/2022\/04\/daily-care-01.png\" class=\"attachment-qi_addons_for_elementor_image_size_portrait size-qi_addons_for_elementor_image_size_portrait\" alt=\"\" srcset=\"https:\/\/klinikaortholux.com\/wp-content\/uploads\/2022\/04\/daily-care-01.png 400w, https:\/\/klinikaortholux.com\/wp-content\/uploads\/2022\/04\/daily-care-01-300x300.png 300w, https:\/\/klinikaortholux.com\/wp-content\/uploads\/2022\/04\/daily-care-01-150x150.png 150w, https:\/\/klinikaortholux.com\/wp-content\/uploads\/2022\/04\/daily-care-01-12x12.png 12w\" sizes=\"(max-width: 400px) 100vw, 400px\" \/>\t\t<\/a>\n\t\t\t<\/div>\n<\/div>\n\t\t<\/div>\n\t\t<div class=\"qodef-e-content\">\n\t\t\t\t\t\t<div class=\"qodef-e-text\">\n\t\t\t\t<h5 itemprop=\"name\" class=\"qodef-e-title entry-title\">\n\t<a itemprop=\"url\" class=\"qodef-e-title-link\" href=\"https:\/\/klinikaortholux.com\/sq\/daily-care-and-maintenance-of-your-invisalign-aligners\/\">\n\t\tKujdesi dhe mir\u00ebmbajtja e Invisalign\u00ae.\t<\/a>\n<\/h5>\n\t\t<p itemprop=\"description\" class=\"qodef-e-excerpt\">\n\t\t\tPastroni alignerat tuaj p\u00ebrpara \u00e7do vendosje. P\u00ebrdorni nj\u00eb fur\u00e7\u00eb dh\u00ebmb\u00ebsh t\u00eb but\u00eb me uj\u00eb dhe nj\u00eb sasi t\u00eb vog\u00ebl past\u00eb dh\u00ebmb\u00ebsh.\t\t<\/p>\n\t\t\t\t<\/div>\n\t\t\t\t\t\t\t<div class=\"qodef-e-info qodef-info--bottom\">\n\t\t\t\t\t\t<div class=\"qodef-e-read-more\">\n\t\t<a class=\"qodef-shortcode qodef-m qodef-qi-button qodef-html--link qodef-layout--filled qodef-type--standard qodef-icon--right qodef-hover--icon-move-horizontal-short\" href=\"https:\/\/klinikaortholux.com\/sq\/daily-care-and-maintenance-of-your-invisalign-aligners\/\" target=\"_self\">\t<span class=\"qodef-m-text\">Lexo m\u00eb tep\u00ebr<\/span>\t\t<span class=\"qodef-m-icon qodef--icon-color-set\">\t\t<span class=\"qodef-m-icon-inner\">\t\t\t<i aria-hidden=\"true\" class=\"fas fa-chevron-right\"><\/i>\t\t\t\t\t<\/span>\t<\/span><\/a>\t<\/div>\n\t\t\t\t<\/div>\n\t\t\t\t\t<\/div>\n\t<\/div>\n<\/article>\n\t<\/div>\n\t<\/div>\n\t\t\t\t<\/div>\n\t\t\t\t<\/div>\n\t\t\t\t<div class=\"elementor-element elementor-element-fb9dcd1 elementor-widget elementor-widget-spacer\" data-id=\"fb9dcd1\" data-element_type=\"widget\" data-widget_type=\"spacer.default\">\n\t\t\t\t<div class=\"elementor-widget-container\">\n\t\t\t\t\t\t\t<div class=\"elementor-spacer\">\n\t\t\t<div class=\"elementor-spacer-inner\"><\/div>\n\t\t<\/div>\n\t\t\t\t\t\t<\/div>\n\t\t\t\t<\/div>\n\t\t\t\t\t<\/div>\n\t\t<\/div>\n\t\t\t\t\t<\/div>\n\t\t<\/section>\n\t\t\t\t<\/div>","protected":false},"excerpt":{"rendered":"<p>Welcome to our blog&#8230; Majlinda, the smiles\u2019 doctor in Tirana Specialiste Ortodonte dhe Ortopede Dento-Faciale Read Her Resume Majlinda, the smiles\u2019 doctor in Tirana Dr. Majlinda Telharaj, the founder of the clinic \u201cOrtholux\u201d, is a well Read More Daily care and maintenance of your Invisalign aligners Daily care and maintenance of your Invisalign aligners. Clean [&hellip;]<\/p>","protected":false},"author":1,"featured_media":16471,"parent":0,"menu_order":0,"comment_status":"closed","ping_status":"closed","template":"elementor_header_footer","meta":{"_acf_changed":false,"footnotes":""},"class_list":["post-699","page","type-page","status-publish","has-post-thumbnail","hentry"],"acf":[],"yoast_head":"<!-- This site is optimized with the Yoast SEO plugin v24.6 - https:\/\/yoast.com\/wordpress\/plugins\/seo\/ -->\n<title>Blog - Klinika Ortholux<\/title>\n<meta name=\"description\" content=\"Daily care and maintenance of your Invisalign aligners. Clean your aligners prior to each insertion.\" \/>\n<meta name=\"robots\" content=\"index, follow, max-snippet:-1, max-image-preview:large, max-video-preview:-1\" \/>\n<link rel=\"canonical\" href=\"https:\/\/klinikaortholux.com\/sq\/blog\/\" \/>\n<meta property=\"og:locale\" content=\"sq_AL\" \/>\n<meta property=\"og:type\" content=\"article\" \/>\n<meta property=\"og:title\" content=\"Blog - Klinika Ortholux\" \/>\n<meta property=\"og:description\" content=\"Daily care and maintenance of your Invisalign aligners. Clean your aligners prior to each insertion.\" \/>\n<meta property=\"og:url\" content=\"https:\/\/klinikaortholux.com\/sq\/blog\/\" \/>\n<meta property=\"og:site_name\" content=\"Klinika Ortholux\" \/>\n<meta property=\"article:publisher\" content=\"https:\/\/www.facebook.com\/KlinikaOrthoLUX\" \/>\n<meta property=\"article:modified_time\" content=\"2022-06-08T10:23:43+00:00\" \/>\n<meta property=\"og:image\" content=\"https:\/\/klinikaortholux.com\/wp-content\/uploads\/2022\/04\/daily-care-01.png\" \/>\n\t<meta property=\"og:image:width\" content=\"400\" \/>\n\t<meta property=\"og:image:height\" content=\"400\" \/>\n\t<meta property=\"og:image:type\" content=\"image\/png\" \/>\n<meta name=\"twitter:card\" content=\"summary_large_image\" \/>\n<meta name=\"twitter:label1\" content=\"Est. reading time\" \/>\n\t<meta name=\"twitter:data1\" content=\"1 minut\u00eb\" \/>\n<script type=\"application\/ld+json\" class=\"yoast-schema-graph\">{\"@context\":\"https:\/\/schema.org\",\"@graph\":[{\"@type\":\"WebPage\",\"@id\":\"https:\/\/klinikaortholux.com\/blog\/\",\"url\":\"https:\/\/klinikaortholux.com\/blog\/\",\"name\":\"Blog - Klinika Ortholux\",\"isPartOf\":{\"@id\":\"https:\/\/klinikaortholux.com\/#website\"},\"primaryImageOfPage\":{\"@id\":\"https:\/\/klinikaortholux.com\/blog\/#primaryimage\"},\"image\":{\"@id\":\"https:\/\/klinikaortholux.com\/blog\/#primaryimage\"},\"thumbnailUrl\":\"https:\/\/klinikaortholux.com\/wp-content\/uploads\/2022\/04\/daily-care-01.png\",\"datePublished\":\"2020-12-16T16:09:09+00:00\",\"dateModified\":\"2022-06-08T10:23:43+00:00\",\"description\":\"Daily care and maintenance of your Invisalign aligners. Clean your aligners prior to each insertion.\",\"breadcrumb\":{\"@id\":\"https:\/\/klinikaortholux.com\/blog\/#breadcrumb\"},\"inLanguage\":\"sq\",\"potentialAction\":[{\"@type\":\"ReadAction\",\"target\":[\"https:\/\/klinikaortholux.com\/blog\/\"]}]},{\"@type\":\"ImageObject\",\"inLanguage\":\"sq\",\"@id\":\"https:\/\/klinikaortholux.com\/blog\/#primaryimage\",\"url\":\"https:\/\/klinikaortholux.com\/wp-content\/uploads\/2022\/04\/daily-care-01.png\",\"contentUrl\":\"https:\/\/klinikaortholux.com\/wp-content\/uploads\/2022\/04\/daily-care-01.png\",\"width\":400,\"height\":400},{\"@type\":\"BreadcrumbList\",\"@id\":\"https:\/\/klinikaortholux.com\/blog\/#breadcrumb\",\"itemListElement\":[{\"@type\":\"ListItem\",\"position\":1,\"name\":\"Home\",\"item\":\"https:\/\/klinikaortholux.com\/\"},{\"@type\":\"ListItem\",\"position\":2,\"name\":\"Blog\"}]},{\"@type\":\"WebSite\",\"@id\":\"https:\/\/klinikaortholux.com\/#website\",\"url\":\"https:\/\/klinikaortholux.com\/\",\"name\":\"Klinika Ortholux\",\"description\":\"A Perfect Smile,A Better Life\",\"publisher\":{\"@id\":\"https:\/\/klinikaortholux.com\/#organization\"},\"potentialAction\":[{\"@type\":\"SearchAction\",\"target\":{\"@type\":\"EntryPoint\",\"urlTemplate\":\"https:\/\/klinikaortholux.com\/?s={search_term_string}\"},\"query-input\":{\"@type\":\"PropertyValueSpecification\",\"valueRequired\":true,\"valueName\":\"search_term_string\"}}],\"inLanguage\":\"sq\"},{\"@type\":\"Organization\",\"@id\":\"https:\/\/klinikaortholux.com\/#organization\",\"name\":\"Klinika OrthoLUX\",\"url\":\"https:\/\/klinikaortholux.com\/\",\"logo\":{\"@type\":\"ImageObject\",\"inLanguage\":\"sq\",\"@id\":\"https:\/\/klinikaortholux.com\/#\/schema\/logo\/image\/\",\"url\":\"https:\/\/klinikaortholux.com\/wp-content\/uploads\/2022\/03\/cropped-Untitled-1-01-1.png\",\"contentUrl\":\"https:\/\/klinikaortholux.com\/wp-content\/uploads\/2022\/03\/cropped-Untitled-1-01-1.png\",\"width\":512,\"height\":512,\"caption\":\"Klinika OrthoLUX\"},\"image\":{\"@id\":\"https:\/\/klinikaortholux.com\/#\/schema\/logo\/image\/\"},\"sameAs\":[\"https:\/\/www.facebook.com\/KlinikaOrthoLUX\",\"https:\/\/www.instagram.com\/klinikaortholux\/\"]}]}<\/script>\n<!-- \/ Yoast SEO plugin. -->","yoast_head_json":{"title":"Blog - Klinika Ortholux","description":"Daily care and maintenance of your Invisalign aligners. Clean your aligners prior to each insertion.","robots":{"index":"index","follow":"follow","max-snippet":"max-snippet:-1","max-image-preview":"max-image-preview:large","max-video-preview":"max-video-preview:-1"},"canonical":"https:\/\/klinikaortholux.com\/sq\/blog\/","og_locale":"sq_AL","og_type":"article","og_title":"Blog - Klinika Ortholux","og_description":"Daily care and maintenance of your Invisalign aligners. Clean your aligners prior to each insertion.","og_url":"https:\/\/klinikaortholux.com\/sq\/blog\/","og_site_name":"Klinika Ortholux","article_publisher":"https:\/\/www.facebook.com\/KlinikaOrthoLUX","article_modified_time":"2022-06-08T10:23:43+00:00","og_image":[{"width":400,"height":400,"url":"https:\/\/klinikaortholux.com\/wp-content\/uploads\/2022\/04\/daily-care-01.png","type":"image\/png"}],"twitter_card":"summary_large_image","twitter_misc":{"Est. reading time":"1 minut\u00eb"},"schema":{"@context":"https:\/\/schema.org","@graph":[{"@type":"WebPage","@id":"https:\/\/klinikaortholux.com\/blog\/","url":"https:\/\/klinikaortholux.com\/blog\/","name":"Blog - Klinika Ortholux","isPartOf":{"@id":"https:\/\/klinikaortholux.com\/#website"},"primaryImageOfPage":{"@id":"https:\/\/klinikaortholux.com\/blog\/#primaryimage"},"image":{"@id":"https:\/\/klinikaortholux.com\/blog\/#primaryimage"},"thumbnailUrl":"https:\/\/klinikaortholux.com\/wp-content\/uploads\/2022\/04\/daily-care-01.png","datePublished":"2020-12-16T16:09:09+00:00","dateModified":"2022-06-08T10:23:43+00:00","description":"Daily care and maintenance of your Invisalign aligners. Clean your aligners prior to each insertion.","breadcrumb":{"@id":"https:\/\/klinikaortholux.com\/blog\/#breadcrumb"},"inLanguage":"sq","potentialAction":[{"@type":"ReadAction","target":["https:\/\/klinikaortholux.com\/blog\/"]}]},{"@type":"ImageObject","inLanguage":"sq","@id":"https:\/\/klinikaortholux.com\/blog\/#primaryimage","url":"https:\/\/klinikaortholux.com\/wp-content\/uploads\/2022\/04\/daily-care-01.png","contentUrl":"https:\/\/klinikaortholux.com\/wp-content\/uploads\/2022\/04\/daily-care-01.png","width":400,"height":400},{"@type":"BreadcrumbList","@id":"https:\/\/klinikaortholux.com\/blog\/#breadcrumb","itemListElement":[{"@type":"ListItem","position":1,"name":"Home","item":"https:\/\/klinikaortholux.com\/"},{"@type":"ListItem","position":2,"name":"Blog"}]},{"@type":"WebSite","@id":"https:\/\/klinikaortholux.com\/#website","url":"https:\/\/klinikaortholux.com\/","name":"Klinika Ortholux","description":"A Perfect Smile,A Better Life","publisher":{"@id":"https:\/\/klinikaortholux.com\/#organization"},"potentialAction":[{"@type":"SearchAction","target":{"@type":"EntryPoint","urlTemplate":"https:\/\/klinikaortholux.com\/?s={search_term_string}"},"query-input":{"@type":"PropertyValueSpecification","valueRequired":true,"valueName":"search_term_string"}}],"inLanguage":"sq"},{"@type":"Organization","@id":"https:\/\/klinikaortholux.com\/#organization","name":"Klinika OrthoLUX","url":"https:\/\/klinikaortholux.com\/","logo":{"@type":"ImageObject","inLanguage":"sq","@id":"https:\/\/klinikaortholux.com\/#\/schema\/logo\/image\/","url":"https:\/\/klinikaortholux.com\/wp-content\/uploads\/2022\/03\/cropped-Untitled-1-01-1.png","contentUrl":"https:\/\/klinikaortholux.com\/wp-content\/uploads\/2022\/03\/cropped-Untitled-1-01-1.png","width":512,"height":512,"caption":"Klinika OrthoLUX"},"image":{"@id":"https:\/\/klinikaortholux.com\/#\/schema\/logo\/image\/"},"sameAs":["https:\/\/www.facebook.com\/KlinikaOrthoLUX","https:\/\/www.instagram.com\/klinikaortholux\/"]}]}},"_links":{"self":[{"href":"https:\/\/klinikaortholux.com\/sq\/wp-json\/wp\/v2\/pages\/699","targetHints":{"allow":["GET"]}}],"collection":[{"href":"https:\/\/klinikaortholux.com\/sq\/wp-json\/wp\/v2\/pages"}],"about":[{"href":"https:\/\/klinikaortholux.com\/sq\/wp-json\/wp\/v2\/types\/page"}],"author":[{"embeddable":true,"href":"https:\/\/klinikaortholux.com\/sq\/wp-json\/wp\/v2\/users\/1"}],"replies":[{"embeddable":true,"href":"https:\/\/klinikaortholux.com\/sq\/wp-json\/wp\/v2\/comments?post=699"}],"version-history":[{"count":57,"href":"https:\/\/klinikaortholux.com\/sq\/wp-json\/wp\/v2\/pages\/699\/revisions"}],"predecessor-version":[{"id":16483,"href":"https:\/\/klinikaortholux.com\/sq\/wp-json\/wp\/v2\/pages\/699\/revisions\/16483"}],"wp:featuredmedia":[{"embeddable":true,"href":"https:\/\/klinikaortholux.com\/sq\/wp-json\/wp\/v2\/media\/16471"}],"wp:attachment":[{"href":"https:\/\/klinikaortholux.com\/sq\/wp-json\/wp\/v2\/media?parent=699"}],"curies":[{"name":"wp","href":"https:\/\/api.w.org\/{rel}","templated":true}]}}