{"id":106,"date":"2015-12-25T17:05:04","date_gmt":"2015-12-25T15:05:04","guid":{"rendered":"http:\/\/strongholdthemes.com\/dentalcare\/?page_id=106"},"modified":"2022-05-09T12:34:41","modified_gmt":"2022-05-09T10:34:41","slug":"contact","status":"publish","type":"page","link":"https:\/\/klinikaortholux.com\/sq\/contact\/","title":{"rendered":"Kontakt"},"content":{"rendered":"<div data-elementor-type=\"wp-page\" data-elementor-id=\"106\" class=\"elementor elementor-106\">\n\t\t\t\t\t\t<section class=\"elementor-section elementor-top-section elementor-element elementor-element-e5302e9 elementor-section-boxed elementor-section-height-default elementor-section-height-default qodef-elementor-content-no\" data-id=\"e5302e9\" data-element_type=\"section\">\n\t\t\t\t\t\t<div class=\"elementor-container elementor-column-gap-default\">\n\t\t\t\t\t<div class=\"elementor-column elementor-col-100 elementor-top-column elementor-element elementor-element-8b800eb\" data-id=\"8b800eb\" data-element_type=\"column\">\n\t\t\t<div class=\"elementor-widget-wrap elementor-element-populated\">\n\t\t\t\t\t\t<div class=\"elementor-element elementor-element-ec63502 elementor-widget elementor-widget-spacer\" data-id=\"ec63502\" data-element_type=\"widget\" data-widget_type=\"spacer.default\">\n\t\t\t\t<div class=\"elementor-widget-container\">\n\t\t\t\t\t\t\t<div class=\"elementor-spacer\">\n\t\t\t<div class=\"elementor-spacer-inner\"><\/div>\n\t\t<\/div>\n\t\t\t\t\t\t<\/div>\n\t\t\t\t<\/div>\n\t\t\t\t<div class=\"elementor-element elementor-element-1d4e0d4 elementor-widget elementor-widget-heading\" data-id=\"1d4e0d4\" data-element_type=\"widget\" data-widget_type=\"heading.default\">\n\t\t\t\t<div class=\"elementor-widget-container\">\n\t\t\t\t\t<h2 class=\"elementor-heading-title elementor-size-default\">Vendosni t\u00eb dh\u00ebnat tuaja dhe lini nj\u00eb takim<\/h2>\t\t\t\t<\/div>\n\t\t\t\t<\/div>\n\t\t\t\t<div class=\"elementor-element elementor-element-f66853e elementor-widget elementor-widget-qi_addons_for_elementor_contact_form_7\" data-id=\"f66853e\" data-element_type=\"widget\" data-widget_type=\"qi_addons_for_elementor_contact_form_7.default\">\n\t\t\t\t<div class=\"elementor-widget-container\">\n\t\t\t\t\t<div class=\"qodef-shortcode qodef-m qodef-qi-contact-form-7\">\n\t\n<div class=\"wpcf7 no-js\" id=\"wpcf7-f2207-o1\" lang=\"en-US\" dir=\"ltr\" data-wpcf7-id=\"2207\">\n<div class=\"screen-reader-response\"><p role=\"status\" aria-live=\"polite\" aria-atomic=\"true\"><\/p> <ul><\/ul><\/div>\n<form action=\"\/sq\/wp-json\/wp\/v2\/pages\/106#wpcf7-f2207-o1\" method=\"post\" class=\"wpcf7-form init\" aria-label=\"Contact form\" novalidate=\"novalidate\" data-status=\"init\" data-trp-original-action=\"\/sq\/wp-json\/wp\/v2\/pages\/106#wpcf7-f2207-o1\">\n<div style=\"display: none;\">\n<input type=\"hidden\" name=\"_wpcf7\" value=\"2207\" \/>\n<input type=\"hidden\" name=\"_wpcf7_version\" value=\"6.0.5\" \/>\n<input type=\"hidden\" name=\"_wpcf7_locale\" value=\"en_US\" \/>\n<input type=\"hidden\" name=\"_wpcf7_unit_tag\" value=\"wpcf7-f2207-o1\" \/>\n<input type=\"hidden\" name=\"_wpcf7_container_post\" value=\"0\" \/>\n<input type=\"hidden\" name=\"_wpcf7_posted_data_hash\" value=\"\" \/>\n<\/div>\n<div class=\"row\">\n<div class=\"col-md-12\">\n<div class=\"input-group\">\n<span class=\"wpcf7-form-control-wrap\" data-name=\"text-704\"><input size=\"40\" maxlength=\"400\" class=\"wpcf7-form-control wpcf7-text wpcf7-validates-as-required\" aria-required=\"true\" aria-invalid=\"false\" placeholder=\"Emri*\" value=\"\" type=\"text\" name=\"text-704\" \/><\/span>\n<span><i class=\"input\"><\/i><\/span>\n<\/div>\n<\/div>\n<\/div>\n\n\n<div class=\"row\">\n<div class=\"col-md-6\">\n<div class=\"input-group\">\n<span class=\"wpcf7-form-control-wrap\" data-name=\"email-230\"><input size=\"40\" maxlength=\"400\" class=\"wpcf7-form-control wpcf7-email wpcf7-validates-as-required wpcf7-text wpcf7-validates-as-email\" aria-required=\"true\" aria-invalid=\"false\" placeholder=\"E-mail*\" value=\"\" type=\"email\" name=\"email-230\" \/><\/span>\n<span><i class=\"input\"><\/i><\/span>\n<\/div>\n<\/div>\n\n<div class=\"col-md-6\">\n<div class=\"input-group\">\n<span><i class=\"input\"><\/i><\/span><span class=\"wpcf7-form-control-wrap\" data-name=\"tel-969\"><input size=\"40\" maxlength=\"400\" class=\"wpcf7-form-control wpcf7-tel wpcf7-validates-as-required wpcf7-text wpcf7-validates-as-tel\" aria-required=\"true\" aria-invalid=\"false\" placeholder=\"Num\u00ebr Telefoni*\" value=\"\" type=\"tel\" name=\"tel-969\" \/><\/span>\n\n<\/div>\n<\/div>\n<\/div>\n\n<div class=\"row\">\n<div class=\"col-md-12\">\n<div class=\"input-group\">\n<span><i class=\"input\" style=\"padding-top:10px;\"><\/i><\/span><span class=\"wpcf7-form-control-wrap\" data-name=\"date-565\"><input class=\"wpcf7-form-control wpcf7-date wpcf7-validates-as-required wpcf7-validates-as-date\" aria-required=\"true\" aria-invalid=\"false\" value=\"\" type=\"date\" name=\"date-565\" \/><\/span>\n<\/div>\n<\/div>\n<\/div>\n\n\n<div class=\"row\">\n<div class=\"col-md-12\">\n<span class=\"wpcf7-form-control-wrap\" data-name=\"textarea-603\"><textarea cols=\"40\" rows=\"10\" maxlength=\"2000\" class=\"wpcf7-form-control wpcf7-textarea\" aria-invalid=\"false\" placeholder=\"Sh\u00ebnime\" name=\"textarea-603\"><\/textarea><\/span>\n<\/div>\n<\/div>\n<div style=\"text-align:center;\">\n<button class=\"wpcf7-form-control wpcf7-submit submit-button qodef-button qodef-size--normal qodef-type--filled qodef-m\" type=\"submit\"><span class=\"qodef-m-text\">Book<\/span><\/button>\n<\/div><div class=\"wpcf7-response-output\" aria-hidden=\"true\"><\/div>\n<input type=\"hidden\" name=\"trp-form-language\" value=\"sq\"\/><\/form>\n<\/div>\n<\/div>\n\t\t\t\t<\/div>\n\t\t\t\t<\/div>\n\t\t\t\t\t<\/div>\n\t\t<\/div>\n\t\t\t\t\t<\/div>\n\t\t<\/section>\n\t\t\t\t<section class=\"elementor-section elementor-top-section elementor-element elementor-element-a5b1955 elementor-section-boxed elementor-section-height-default elementor-section-height-default qodef-elementor-content-no\" data-id=\"a5b1955\" data-element_type=\"section\">\n\t\t\t\t\t\t<div class=\"elementor-container elementor-column-gap-default\">\n\t\t\t\t\t<div class=\"elementor-column elementor-col-100 elementor-top-column elementor-element elementor-element-1811a69\" data-id=\"1811a69\" data-element_type=\"column\">\n\t\t\t<div class=\"elementor-widget-wrap elementor-element-populated\">\n\t\t\t\t\t\t<div class=\"elementor-element elementor-element-0483417 elementor-widget elementor-widget-promedica_core_google_map\" data-id=\"0483417\" data-element_type=\"widget\" data-widget_type=\"promedica_core_google_map.default\">\n\t\t\t\t<div class=\"elementor-widget-container\">\n\t\t\t\t\t<div class=\"qodef-shortcode qodef-m  qodef-google-map\">\n\t<div class=\"qodef-m-map\" id=\"qodef-map-id--692\" data-addresses='[\"Klinika OrthoLUX - Digital Orthodontic Clinic\",\"Rruga Themistokli G\u00ebrmenji, Tirana\"]' data-pin=\"https:\/\/klinikaortholux.com\/wp-content\/uploads\/2022\/03\/Group-6.png\" data-unique-id=\"692\" data-height=\"600\"><\/div>\n<\/div>\n\t\t\t\t<\/div>\n\t\t\t\t<\/div>\n\t\t\t\t\t<\/div>\n\t\t<\/div>\n\t\t\t\t\t<\/div>\n\t\t<\/section>\n\t\t\t\t<\/div>","protected":false},"excerpt":{"rendered":"<p>Place your details and book a meeting Book<\/p>","protected":false},"author":1,"featured_media":0,"parent":0,"menu_order":0,"comment_status":"closed","ping_status":"closed","template":"elementor_header_footer","meta":{"_acf_changed":false,"footnotes":""},"class_list":["post-106","page","type-page","status-publish","hentry"],"acf":[],"yoast_head":"<!-- This site is optimized with the Yoast SEO plugin v24.6 - https:\/\/yoast.com\/wordpress\/plugins\/seo\/ -->\n<title>Contact - Klinika Ortholux<\/title>\n<meta name=\"robots\" content=\"index, follow, max-snippet:-1, max-image-preview:large, max-video-preview:-1\" \/>\n<link rel=\"canonical\" href=\"https:\/\/klinikaortholux.com\/sq\/contact\/\" \/>\n<meta property=\"og:locale\" content=\"sq_AL\" \/>\n<meta property=\"og:type\" content=\"article\" \/>\n<meta property=\"og:title\" content=\"Contact - Klinika Ortholux\" \/>\n<meta property=\"og:description\" content=\"Place your details and book a meeting Book\" \/>\n<meta property=\"og:url\" content=\"https:\/\/klinikaortholux.com\/sq\/contact\/\" \/>\n<meta property=\"og:site_name\" content=\"Klinika Ortholux\" \/>\n<meta property=\"article:publisher\" content=\"https:\/\/www.facebook.com\/KlinikaOrthoLUX\" \/>\n<meta property=\"article:modified_time\" content=\"2022-05-09T10:34:41+00:00\" \/>\n<meta name=\"twitter:card\" content=\"summary_large_image\" \/>\n<meta name=\"twitter:label1\" content=\"Est. reading time\" \/>\n\t<meta name=\"twitter:data1\" content=\"1 minut\u00eb\" \/>\n<script type=\"application\/ld+json\" class=\"yoast-schema-graph\">{\"@context\":\"https:\/\/schema.org\",\"@graph\":[{\"@type\":\"WebPage\",\"@id\":\"https:\/\/klinikaortholux.com\/contact\/\",\"url\":\"https:\/\/klinikaortholux.com\/contact\/\",\"name\":\"Contact - Klinika Ortholux\",\"isPartOf\":{\"@id\":\"https:\/\/klinikaortholux.com\/#website\"},\"datePublished\":\"2015-12-25T15:05:04+00:00\",\"dateModified\":\"2022-05-09T10:34:41+00:00\",\"breadcrumb\":{\"@id\":\"https:\/\/klinikaortholux.com\/contact\/#breadcrumb\"},\"inLanguage\":\"sq\",\"potentialAction\":[{\"@type\":\"ReadAction\",\"target\":[\"https:\/\/klinikaortholux.com\/contact\/\"]}]},{\"@type\":\"BreadcrumbList\",\"@id\":\"https:\/\/klinikaortholux.com\/contact\/#breadcrumb\",\"itemListElement\":[{\"@type\":\"ListItem\",\"position\":1,\"name\":\"Home\",\"item\":\"https:\/\/klinikaortholux.com\/\"},{\"@type\":\"ListItem\",\"position\":2,\"name\":\"Contact\"}]},{\"@type\":\"WebSite\",\"@id\":\"https:\/\/klinikaortholux.com\/#website\",\"url\":\"https:\/\/klinikaortholux.com\/\",\"name\":\"Klinika Ortholux\",\"description\":\"A Perfect Smile,A Better Life\",\"publisher\":{\"@id\":\"https:\/\/klinikaortholux.com\/#organization\"},\"potentialAction\":[{\"@type\":\"SearchAction\",\"target\":{\"@type\":\"EntryPoint\",\"urlTemplate\":\"https:\/\/klinikaortholux.com\/?s={search_term_string}\"},\"query-input\":{\"@type\":\"PropertyValueSpecification\",\"valueRequired\":true,\"valueName\":\"search_term_string\"}}],\"inLanguage\":\"sq\"},{\"@type\":\"Organization\",\"@id\":\"https:\/\/klinikaortholux.com\/#organization\",\"name\":\"Klinika OrthoLUX\",\"url\":\"https:\/\/klinikaortholux.com\/\",\"logo\":{\"@type\":\"ImageObject\",\"inLanguage\":\"sq\",\"@id\":\"https:\/\/klinikaortholux.com\/#\/schema\/logo\/image\/\",\"url\":\"https:\/\/klinikaortholux.com\/wp-content\/uploads\/2022\/03\/cropped-Untitled-1-01-1.png\",\"contentUrl\":\"https:\/\/klinikaortholux.com\/wp-content\/uploads\/2022\/03\/cropped-Untitled-1-01-1.png\",\"width\":512,\"height\":512,\"caption\":\"Klinika OrthoLUX\"},\"image\":{\"@id\":\"https:\/\/klinikaortholux.com\/#\/schema\/logo\/image\/\"},\"sameAs\":[\"https:\/\/www.facebook.com\/KlinikaOrthoLUX\",\"https:\/\/www.instagram.com\/klinikaortholux\/\"]}]}<\/script>\n<!-- \/ Yoast SEO plugin. -->","yoast_head_json":{"title":"Contact - Klinika Ortholux","robots":{"index":"index","follow":"follow","max-snippet":"max-snippet:-1","max-image-preview":"max-image-preview:large","max-video-preview":"max-video-preview:-1"},"canonical":"https:\/\/klinikaortholux.com\/sq\/contact\/","og_locale":"sq_AL","og_type":"article","og_title":"Contact - Klinika Ortholux","og_description":"Place your details and book a meeting Book","og_url":"https:\/\/klinikaortholux.com\/sq\/contact\/","og_site_name":"Klinika Ortholux","article_publisher":"https:\/\/www.facebook.com\/KlinikaOrthoLUX","article_modified_time":"2022-05-09T10:34:41+00:00","twitter_card":"summary_large_image","twitter_misc":{"Est. reading time":"1 minut\u00eb"},"schema":{"@context":"https:\/\/schema.org","@graph":[{"@type":"WebPage","@id":"https:\/\/klinikaortholux.com\/contact\/","url":"https:\/\/klinikaortholux.com\/contact\/","name":"Contact - Klinika Ortholux","isPartOf":{"@id":"https:\/\/klinikaortholux.com\/#website"},"datePublished":"2015-12-25T15:05:04+00:00","dateModified":"2022-05-09T10:34:41+00:00","breadcrumb":{"@id":"https:\/\/klinikaortholux.com\/contact\/#breadcrumb"},"inLanguage":"sq","potentialAction":[{"@type":"ReadAction","target":["https:\/\/klinikaortholux.com\/contact\/"]}]},{"@type":"BreadcrumbList","@id":"https:\/\/klinikaortholux.com\/contact\/#breadcrumb","itemListElement":[{"@type":"ListItem","position":1,"name":"Home","item":"https:\/\/klinikaortholux.com\/"},{"@type":"ListItem","position":2,"name":"Contact"}]},{"@type":"WebSite","@id":"https:\/\/klinikaortholux.com\/#website","url":"https:\/\/klinikaortholux.com\/","name":"Klinika Ortholux","description":"A Perfect Smile,A Better Life","publisher":{"@id":"https:\/\/klinikaortholux.com\/#organization"},"potentialAction":[{"@type":"SearchAction","target":{"@type":"EntryPoint","urlTemplate":"https:\/\/klinikaortholux.com\/?s={search_term_string}"},"query-input":{"@type":"PropertyValueSpecification","valueRequired":true,"valueName":"search_term_string"}}],"inLanguage":"sq"},{"@type":"Organization","@id":"https:\/\/klinikaortholux.com\/#organization","name":"Klinika OrthoLUX","url":"https:\/\/klinikaortholux.com\/","logo":{"@type":"ImageObject","inLanguage":"sq","@id":"https:\/\/klinikaortholux.com\/#\/schema\/logo\/image\/","url":"https:\/\/klinikaortholux.com\/wp-content\/uploads\/2022\/03\/cropped-Untitled-1-01-1.png","contentUrl":"https:\/\/klinikaortholux.com\/wp-content\/uploads\/2022\/03\/cropped-Untitled-1-01-1.png","width":512,"height":512,"caption":"Klinika OrthoLUX"},"image":{"@id":"https:\/\/klinikaortholux.com\/#\/schema\/logo\/image\/"},"sameAs":["https:\/\/www.facebook.com\/KlinikaOrthoLUX","https:\/\/www.instagram.com\/klinikaortholux\/"]}]}},"_links":{"self":[{"href":"https:\/\/klinikaortholux.com\/sq\/wp-json\/wp\/v2\/pages\/106","targetHints":{"allow":["GET"]}}],"collection":[{"href":"https:\/\/klinikaortholux.com\/sq\/wp-json\/wp\/v2\/pages"}],"about":[{"href":"https:\/\/klinikaortholux.com\/sq\/wp-json\/wp\/v2\/types\/page"}],"author":[{"embeddable":true,"href":"https:\/\/klinikaortholux.com\/sq\/wp-json\/wp\/v2\/users\/1"}],"replies":[{"embeddable":true,"href":"https:\/\/klinikaortholux.com\/sq\/wp-json\/wp\/v2\/comments?post=106"}],"version-history":[{"count":69,"href":"https:\/\/klinikaortholux.com\/sq\/wp-json\/wp\/v2\/pages\/106\/revisions"}],"predecessor-version":[{"id":16283,"href":"https:\/\/klinikaortholux.com\/sq\/wp-json\/wp\/v2\/pages\/106\/revisions\/16283"}],"wp:attachment":[{"href":"https:\/\/klinikaortholux.com\/sq\/wp-json\/wp\/v2\/media?parent=106"}],"curies":[{"name":"wp","href":"https:\/\/api.w.org\/{rel}","templated":true}]}}